{"id":96,"date":"2017-01-13T14:35:34","date_gmt":"2017-01-13T13:35:34","guid":{"rendered":"http:\/\/www.stevesgrillevents.de\/?page_id=96"},"modified":"2017-01-13T14:35:34","modified_gmt":"2017-01-13T13:35:34","slug":"agb","status":"publish","type":"page","link":"https:\/\/www.energy-connection.de\/en\/agb\/","title":{"rendered":"<span class=\"caps\">AGB<\/span>"},"content":{"rendered":"<h1>Allgemeine Gesch\u00e4ftsbedingungen f\u00fcr<br>\nCatering und Partyservice Steve\u2019s Grill-Events<\/h1>\n<h2>Geltungsbereich<\/h2>\n<p>Diese all\u00adge\u00admeinen Gesch\u00e4fts\u00adbe\u00addin\u00adgun\u00adgen in der jew\u00adeils aktuellen Fas\u00adsung gel\u00adten f\u00fcr die von uns ange\u00adbote\u00adnen Leis\u00adtun\u00adgen von Speisen, Ser\u00adviceleis\u00adtun\u00adgen, Per\u00adsonal\u00addien\u00adstleis\u00adtun\u00adgen, dem Ver\u00adleih von Par\u00adtyzube\u00adh\u00f6r und die Ver\u00admit\u00adtlung von eige\u00adnen, als auch Dien\u00adstleis\u00adtun\u00adgen und Waren von Drit\u00adtan\u00adbi\u00adetern, die der Kunde zuvor bei uns per\u00ads\u00f6n\u00adlich, per Post, Tele\u00adfon, Fax oder eMail bestellt hat.<\/p>\n<h2>Angebot und Preise<\/h2>\n<p>Unsere Ange\u00adbote sind freibleibend. Alle auf unseren Inter\u00adnet\u00adseit\u00aden und in Druck\u00aderzeug\u00adnis\u00adsen genan\u00adnten Preise sind Abhol\u00adpreise und ver\u00adste\u00adhen sich inklu\u00adsive der geset\u00adzlichen Mehrw\u00adert\u00ads\u00adteuer f\u00fcr pri\u00advate Endverbraucher.<\/p>\n<p>Die angemeldete Per\u00adso\u00adnen\u00adzahl ist verbindlich, wenn nicht min\u00addestens 4 Tage vor Abhol\u00adung bzw. Liefer\u00adung eine \u00c4nderungsmit\u00adteilung durch den Auf\u00adtragge\u00adber erfol\u00adgt. Wir behal\u00adten uns dann eine evtl. Nachkalku\u00adla\u00adtion&nbsp;vor.<br>\nDer Rech\u00adnungs\u00adbe\u00adtrag wird bei Abhol\u00adung in bar f\u00e4l\u00adlig. Bei Rech\u00adnungsstel\u00adlung inner\u00adhalb 7 Tagen nach Rechnungserhalt.<br>\nWird eine Ver\u00adanstal\u00adtung sp\u00e4ter als 7 Werk\u00adtage vor dem geplanten Ter\u00admin vom Auf\u00adtragge\u00adber abge\u00adsagt, erfol\u00adgt eine Kosten\u00adver\u00adrech\u00adnung von 30% des vere\u00adin\u00adbarten Men\u00fc\/- B\u00fcf\u00adfet\u00adpreis\u00ades, sowie der gemieteten Artikel.<\/p>\n<p>Die von Steve\u2019s Grill-Events ange\u00adbote\u00adnen Speisen, wie z.B. Obst, unter\u00adliegen teil\u00adweise saison\u00adal bed\u00adingten Schwankun\u00adgen auf dem Markt. Wir behal\u00adten uns vor, Teile der Bestel\u00adlung, die diesen saisonalen Schwankun\u00adgen unter\u00adliegen, durch gle\u00adich\u00adw\u00ader\u00adtige Ware ohne Preis\u00e4n\u00adderung und Ank\u00fcndi\u00adgung zu ersetzen.<\/p>\n<h2>Bestellung<\/h2>\n<p>Ihre Bestel\u00adlung sollte sp\u00e4testens 7\u20138 Tage vor Liefer\u00adt\u00ader\u00admin bei Steve\u2019s Grill-Events per eMail, Fax, Post oder per\u00ads\u00f6n\u00adlich erfol\u00adgen. Bedenken Sie jedoch, dass unsere Kapaz\u00adit\u00e4ten begren\u00adzt sind. Bei umfan\u00adgre\u00adichen und beson\u00adders aufwendi\u00adgen Bestel\u00adlun\u00adgen mit Son\u00adder\u00adw\u00fcn\u00adschen bit\u00adten wir in Ihrem Inter\u00adesse, diese fr\u00fchzeit\u00adig aufzugeben.<\/p>\n<p>Kau\u00adfab\u00adschl\u00fcsse, Liefer\u00advertr\u00e4ge und son\u00adstige Vere\u00adin\u00adbarun\u00adgen, ins\u00adbeson\u00addere m\u00fcndliche Verabre\u00addun\u00adgen und Zusicherung unser\u00ader Verkauf\u00adsangestell\u00adten wer\u00adden erst durch eine schriftliche Best\u00e4\u00adti\u00adgung verbindlich. Der Besteller ver\u00adsichert mit sein\u00ader Bestel\u00adlung, die All\u00adge\u00admeinen Gesch\u00e4fts\u00adbe\u00addin\u00adgun\u00adgen gele\u00adsen zu haben und erk\u00adl\u00e4rt sich mit diesen einverstanden.<\/p>\n<h2>Auslieferung<\/h2>\n<p>Die Aus\u00adliefer\u00adung erfol\u00adgt an die vom Kun\u00adden angegebene Liefer\u00adadresse zum vere\u00adin\u00adbarten Liefer\u00adt\u00ader\u00admin. Die Liefer\u00adung erfol\u00adgt nach bestem Wis\u00adsen und Gewis\u00adsen sowie unter Ein\u00adhal\u00adtung geset\u00adzlich\u00ader Vorschriften.<br>\nF\u00fcr die Liefer\u00adung im Umkreis von 20 km berech\u00adnen wir je nach Ent\u00adfer\u00adnung 5 \u20ac bis&nbsp;20&nbsp;\u20ac.<\/p>\n<p>Bei jed\u00ader Liefer\u00adung muss mit Zeitver\u00adschiebung gerech\u00adnet wer\u00adden, die wir selb\u00adst bei gro\u00dfer Sorgfalt nicht bee\u00adin\u00adflussen k\u00f6n\u00adnen. Beson\u00adder\u00adheit\u00aden die den Liefer\u00adort betr\u00ade\u00adf\u00adfen, wie Baustellen, lange Wege, Trep\u00adpen etc. sind durch den Kun\u00adden bei der Bestel\u00adlung mitzuteilen, damit wir uns zeitlich und organ\u00adisatorisch darauf ein\u00adricht\u00aden k\u00f6nnen.<\/p>\n<p>F\u00fcr beson\u00adders aufwendi\u00adge Gegeben\u00adheit\u00aden, behal\u00adten wir uns vor, eine Mehraufwandspauschale zu berech\u00adnen. Der Kunde gew\u00e4hrleis\u00adtet die Ent\u00adge\u00adgen\u00adnahme der von ihm bestell\u00adten Waren und Leihzubeh\u00f6r.<\/p>\n<h2>Leihwaren\/ Leihzubeh\u00f6r\/ Partybedarf<\/h2>\n<p>Die Liefer\u00adung von Speisen und Getr\u00e4nken, erfol\u00adgt in oder auf Lei\u00adh\u00adware, wie Warmhal\u00adte\u00adger\u00e4te und Plat\u00adten. Diese wer\u00adden vom Kun\u00adden gere\u00adinigt und unbesch\u00e4digt zur\u00fcckgebracht.<\/p>\n<p>Nach Vere\u00adin\u00adbarung ist eine kostenpflichtige Abhol\u00adung m\u00f6glich. Lei\u00adh\u00adwaren, die mit Getr\u00e4nken und Speisen in Kon\u00adtakt kamen, sind auf Grund hygien\u00adis\u00adch\u00ader Bes\u00adtim\u00admungen gere\u00adinigt zur\u00fcck zu&nbsp;geben.<\/p>\n<p>Der Kunde tr\u00e4gt von der \u00dcber\u00adgabe bis zur R\u00fcck\u00adgabe die Ver\u00adant\u00adwor\u00adtung f\u00fcr unsere Lei\u00adh\u00adware. Die R\u00fcck\u00adnahme erfol\u00adgt zun\u00e4chst unter Vor\u00adbe\u00adhalt. Exak\u00adte Bruch- und Fehlmen\u00adgen k\u00f6n\u00adnen erst nach erfol\u00adgtem Reini\u00adgung\u00adsprozess ermit\u00adtelt wer\u00adden. Fehlmen\u00adgen und Bruch wer\u00adden zum Tage\u00adspreis berechnet.<\/p>\n<h2>Gew\u00e4hrleistung<\/h2>\n<p>Steve\u2019s Grill-Events ver\u00adsichert, daf\u00fcr Sorge zu tra\u00adgen, dass die auszuliefer\u00adn\u00adden Waren sorgf\u00e4ltig und vorschriftsm\u00e4\u00dfig trans\u00adportiert wer\u00adden. Wir \u00fcbernehmen keine Gew\u00e4hr, dass die Bestel\u00adlung p\u00fcnk\u00adtlich bzw. in einem bes\u00adtimmten Zeitrah\u00admen erfol\u00adgt. Der Kunde hat die Ware nach mit ihm zumut\u00adbar\u00ader Gr\u00fcndlichkeit zu pr\u00fcfen.<\/p>\n<p>Erkennbare M\u00e4n\u00adgel bzw. Rekla\u00adma\u00adtio\u00adnen, bezo\u00adgen auf Anzahl und Menge bestell\u00adter Waren, k\u00f6n\u00adnen nur sofort nach Anliefer\u00adung gel\u00adtend gemacht wer\u00adden. F\u00fcr Sch\u00e4\u00adden, die durch h\u00f6here Gewalt entste\u00adhen, \u00fcbernehmen wir keine Schadensersatzanspr\u00fcche.<\/p>\n<h2>Haftung<\/h2>\n<p>Eine Haf\u00adtung von Steve\u2019s Grill-Events im Rah\u00admen der vere\u00adin\u00adbarten Leis\u00adtun\u00adgen ist begren\u00adzt auf den Waren\u00adwert. Nach \u00dcber\u00adgabe der Waren und Lei\u00adh\u00adwaren an den Kun\u00adden geht die Haf\u00adtung f\u00fcr Besch\u00e4di\u00adgung und Bruch auf den Kun\u00adden&nbsp;\u00fcber.<\/p>\n<h2>Datensicherung und Datenschutz<\/h2>\n<p>Die f\u00fcr die Auf\u00adtragsab\u00adwick\u00adlung notwendi\u00adgen per\u00ads\u00f6n\u00adlichen Dat\u00aden des Kun\u00adden wer\u00adden gespe\u00adichert. Der Kunde erk\u00adl\u00e4rt hier\u00admit aus\u00addr\u00fcck\u00adlich sein Ein\u00adver\u00adst\u00e4nd\u00adnis. Alle per\u00adso\u00adn\u00aden\u00adbe\u00adzo\u00adge\u00adnen Dat\u00aden wer\u00adden selb\u00adstver\u00adst\u00e4ndlich ver\u00adtraulich behandelt.<\/p>\n","protected":false},"excerpt":{"rendered":"<p>All\u00adge\u00admeine Gesch\u00e4fts\u00adbe\u00addin\u00adgun\u00adgen f\u00fcr Cater\u00ading und Par\u00adty\u00adser\u00advice Steve\u2019s Grill-Events Gel\u00adtungs\u00adbere\u00adich Diese all\u00adge\u00admeinen Gesch\u00e4fts\u00adbe\u00addin\u00adgun\u00adgen in der jew\u00adeils aktuellen Fas\u00adsung gel\u00adten f\u00fcr die von uns ange\u00adbote\u00adnen Leis\u00adtun\u00adgen von Speisen, Ser\u00adviceleis\u00adtun\u00adgen, Per\u00adsonal\u00addien\u00adstleis\u00adtun\u00adgen, dem Ver\u00adleih von Par\u00adtyzube\u00adh\u00f6r und die Ver\u00admit\u00adtlung von eige\u00adnen, als auch Dien\u00adstleis\u00adtun\u00adgen und Waren von Drit\u00adtan\u00adbi\u00adetern, die der Kunde zuvor bei uns per\u00ads\u00f6n\u00adlich, per Post, Tele\u00adfon,&nbsp;Fax&nbsp;\u2026&nbsp;<\/p>\n<p class=\"link-more\"><a href=\"https:\/\/www.energy-connection.de\/en\/agb\/\" class=\"more-link\">Con\u00adtin\u00adue read\u00ading<span class=\"screen-reader-text\"> \u201c<span class=\"caps\">AGB<\/span>\u201d<\/span><\/a><\/p>\n","protected":false},"author":1,"featured_media":0,"parent":0,"menu_order":0,"comment_status":"closed","ping_status":"closed","template":"","meta":{"wp_typography_post_enhancements_disabled":false,"footnotes":""},"_links":{"self":[{"href":"https:\/\/www.energy-connection.de\/en\/wp-json\/wp\/v2\/pages\/96"}],"collection":[{"href":"https:\/\/www.energy-connection.de\/en\/wp-json\/wp\/v2\/pages"}],"about":[{"href":"https:\/\/www.energy-connection.de\/en\/wp-json\/wp\/v2\/types\/page"}],"author":[{"embeddable":true,"href":"https:\/\/www.energy-connection.de\/en\/wp-json\/wp\/v2\/users\/1"}],"replies":[{"embeddable":true,"href":"https:\/\/www.energy-connection.de\/en\/wp-json\/wp\/v2\/comments?post=96"}],"version-history":[{"count":0,"href":"https:\/\/www.energy-connection.de\/en\/wp-json\/wp\/v2\/pages\/96\/revisions"}],"wp:attachment":[{"href":"https:\/\/www.energy-connection.de\/en\/wp-json\/wp\/v2\/media?parent=96"}],"curies":[{"name":"wp","href":"https:\/\/api.w.org\/{rel}","templated":true}]}}